{"id":579,"date":"2013-01-25T21:10:26","date_gmt":"2013-01-25T20:10:26","guid":{"rendered":"http:\/\/sophiebarret.fr\/?page_id=579"},"modified":"2018-03-06T16:56:35","modified_gmt":"2018-03-06T15:56:35","slug":"arbourets","status":"publish","type":"page","link":"https:\/\/sophiebarret.fr\/","title":{"rendered":"Tapisserie d&rsquo;ameublement"},"content":{"rendered":"<p><span style=\"font-size: 18pt;\"><a href=\"http:\/\/sophiebarret.fr\/?cat=15\"><span style=\"color: #003366;\"><strong>Actualit\u00e9s<\/strong><\/span><\/a><\/span><\/p>\n<div class=\"menuPavet\">\n<div class=\"menuPavet\">\n<div class=\"menuCarte alignright\">\n<div class=\"menuImage\"><\/div>\n<\/div>\n<div class=\"menuTexte adroite\"><a href=\"http:\/\/sophiebarret.fr\/?cat=15\"><img decoding=\"async\" loading=\"lazy\" class=\"alignleft wp-image-1422 size-medium\" src=\"http:\/\/sophiebarret.fr\/wp-content\/uploads\/2014\/04\/logoChaiseFondBlanc-275x300.png\" alt=\"logoChaiseFondBlanc\" width=\"275\" height=\"300\" srcset=\"https:\/\/sophiebarret.fr\/wp-content\/uploads\/2014\/04\/logoChaiseFondBlanc-275x300.png 275w, https:\/\/sophiebarret.fr\/wp-content\/uploads\/2014\/04\/logoChaiseFondBlanc-137x150.png 137w, https:\/\/sophiebarret.fr\/wp-content\/uploads\/2014\/04\/logoChaiseFondBlanc-300x326.png 300w, https:\/\/sophiebarret.fr\/wp-content\/uploads\/2014\/04\/logoChaiseFondBlanc.png 756w\" sizes=\"(max-width: 275px) 100vw, 275px\" \/><\/a><\/div>\n<div class=\"menuTexte adroite\"><\/div>\n<div class=\"menuTexte adroite\"><\/div>\n<div class=\"menuTexte adroite\"><\/div>\n<div class=\"menuTexte adroite\"><\/div>\n<div class=\"menuTexte adroite\"><\/div>\n<div class=\"menuTexte adroite\"><\/div>\n<div class=\"menuTexte adroite\"><\/div>\n<div class=\"menuTexte adroite\"><\/div>\n<div class=\"menuTexte adroite\"><\/div>\n<div class=\"menuTexte adroite\"><\/div>\n<div><\/div>\n<div><\/div>\n<div class=\"menuTexte adroite\">Retrouvez-moi lors des manifestations auxquelles je participe. <span style=\"font-size: small;\"><br \/>\n<\/span><\/div>\n<\/div>\n<div class=\"menuPavet\">\n<div class=\"menuCarte alignleft\">\n<h2><\/h2>\n<h2><\/h2>\n<h2><a href=\"http:\/\/sophiebarret.fr\/?cat=10\"><strong><span style=\"color: #993300;\">Arbourets<\/span><\/strong><\/a><\/h2>\n<p><a href=\"http:\/\/sophiebarret.fr\/??cat=10\"><img decoding=\"async\" loading=\"lazy\" class=\"aligncenter wp-image-2095 size-medium\" src=\"http:\/\/sophiebarret.fr\/wp-content\/uploads\/2018\/03\/ArbouretsDouble2-300x168.jpg\" alt=\"\" width=\"300\" height=\"168\" srcset=\"https:\/\/sophiebarret.fr\/wp-content\/uploads\/2018\/03\/ArbouretsDouble2-300x168.jpg 300w, https:\/\/sophiebarret.fr\/wp-content\/uploads\/2018\/03\/ArbouretsDouble2-768x431.jpg 768w, https:\/\/sophiebarret.fr\/wp-content\/uploads\/2018\/03\/ArbouretsDouble2-1024x575.jpg 1024w, https:\/\/sophiebarret.fr\/wp-content\/uploads\/2018\/03\/ArbouretsDouble2.jpg 1170w\" sizes=\"(max-width: 300px) 100vw, 300px\" \/><\/a><\/p>\n<p>Est-ce un arbre ? Est-ce un tabouret ? Non, c&rsquo;est un Arbouret !<\/p>\n<div class=\"menuImage\">\n<p>Ce sont des souches de bois, r\u00e9cup\u00e9r\u00e9es au fil des promenades et des rencontres, qui cr\u00e9ent chaque Arbouret.<\/p>\n<p>L&rsquo;Arbouret garde les cicatrices, les reliefs, les entailles&#8230; j&rsquo;interviens pour cr\u00e9er une assise \u00e9l\u00e9gante et sophistiquer les d\u00e9tails.<\/p>\n<\/div>\n<\/div>\n<\/div>\n<\/div>\n<div><\/div>\n<div class=\"menuPavet\">\n<div class=\"menuPavet\">\n<div><\/div>\n<div><\/div>\n<div><\/div>\n<div><\/div>\n<div>\n<h2><a href=\"http:\/\/sophiebarret.fr\/?cat=11\"><span style=\"color: #800080;\"><strong>Si\u00e8ges et coussins<\/strong><\/span><\/a><\/h2>\n<\/div>\n<div><a href=\"http:\/\/sophiebarret.fr\/??cat=11\"><img decoding=\"async\" loading=\"lazy\" class=\"alignleft wp-image-2099 size-medium\" src=\"http:\/\/sophiebarret.fr\/wp-content\/uploads\/2018\/03\/siegeFifty_Det_leger-225x300.jpg\" alt=\"\" width=\"225\" height=\"300\" srcset=\"https:\/\/sophiebarret.fr\/wp-content\/uploads\/2018\/03\/siegeFifty_Det_leger-225x300.jpg 225w, https:\/\/sophiebarret.fr\/wp-content\/uploads\/2018\/03\/siegeFifty_Det_leger-768x1024.jpg 768w, https:\/\/sophiebarret.fr\/wp-content\/uploads\/2018\/03\/siegeFifty_Det_leger.jpg 1500w\" sizes=\"(max-width: 225px) 100vw, 225px\" \/><\/a><\/div>\n<div class=\"menuTexte\" style=\"text-align: justify;\"><\/div>\n<\/div>\n<div class=\"menuPavet\">\n<div class=\"menuCarte alignright\">\n<h2><\/h2>\n<div class=\"menuImage\"><\/div>\n<\/div>\n<div class=\"menuTexte adroite\">Pour \u00eatre bel et bien assis, Atelier Sophie Barret propose des fauteuils chin\u00e9s refaits \u00e0 neuf et des coussins originaux<\/div>\n<\/div>\n<\/div>\n<div><\/div>\n<div><\/div>\n<div><\/div>\n<div><\/div>\n<div><\/div>\n<div><\/div>\n<div><\/div>\n<div class=\"menuPavet\">\n<div class=\"menuPavet\">\n<div class=\"menuCarte alignleft\">\n<h2><\/h2>\n<h2><\/h2>\n<\/div>\n<div><\/div>\n<div><\/div>\n<div><\/div>\n<div><\/div>\n<div><\/div>\n<div><\/div>\n<div class=\"menuTexte\">\n<h2><span style=\"font-size: 18pt;\"><strong><span style=\"color: #003300;\"><a style=\"color: #003300;\" href=\"http:\/\/sophiebarret.fr\/?page_id=225\">R\u00e9fection<\/a><\/span><\/strong><\/span><\/h2>\n<\/div>\n<\/div>\n<div class=\"menuPavet\">\n<div class=\"menuCarte alignright\">\n<h2><\/h2>\n<div class=\"menuImage\"><\/div>\n<\/div>\n<div class=\"menuTexte adroite\">\n<p><strong><a href=\"http:\/\/sophiebarret.fr\/?page_id=225\" rel=\"attachment wp-att-744\"><img decoding=\"async\" loading=\"lazy\" class=\"alignleft wp-image-744 size-thumbnail\" title=\"Assise02\" src=\"http:\/\/sophiebarret.fr\/wp-content\/uploads\/2012\/12\/Assise02-150x150.jpg\" alt=\"\" width=\"150\" height=\"150\" \/><\/a><\/strong>\u00ab\u00a0Je m&rsquo;assieds, tu t&rsquo;assieds, il s&rsquo;assied&#8230; Pour \u00eatre bien assis sur un bel objet, faites appel au savoir-faire du tapissier\u00a0\u00bb<\/p>\n<\/div>\n<div class=\"menuTexte adroite\">Atelier \u00e0 Cour\u00e7ay (37) &#8211; 07 81 11 20 23<\/div>\n<div class=\"menuTexte adroite\"><\/div>\n<\/div>\n<\/div>\n","protected":false},"excerpt":{"rendered":"<p>Actualit\u00e9s Retrouvez-moi lors des manifestations auxquelles je participe. Arbourets Est-ce un arbre ? Est-ce un tabouret ? Non, c&rsquo;est un Arbouret ! Ce sont des souches de bois, r\u00e9cup\u00e9r\u00e9es au fil des promenades et des rencontres, qui cr\u00e9ent chaque Arbouret. L&rsquo;Arbouret garde les cicatrices, les reliefs, les entailles&#8230; j&rsquo;interviens pour cr\u00e9er une assise \u00e9l\u00e9gante et &hellip; <\/p>\n<p class=\"link-more\"><a href=\"https:\/\/sophiebarret.fr\/\" class=\"more-link\">Continuer la lecture<span class=\"screen-reader-text\"> de &laquo;&nbsp;Tapisserie d&rsquo;ameublement&nbsp;&raquo;<\/span><\/a><\/p>\n","protected":false},"author":1,"featured_media":2042,"parent":0,"menu_order":0,"comment_status":"closed","ping_status":"closed","template":"","meta":[],"_links":{"self":[{"href":"https:\/\/sophiebarret.fr\/index.php?rest_route=\/wp\/v2\/pages\/579"}],"collection":[{"href":"https:\/\/sophiebarret.fr\/index.php?rest_route=\/wp\/v2\/pages"}],"about":[{"href":"https:\/\/sophiebarret.fr\/index.php?rest_route=\/wp\/v2\/types\/page"}],"author":[{"embeddable":true,"href":"https:\/\/sophiebarret.fr\/index.php?rest_route=\/wp\/v2\/users\/1"}],"replies":[{"embeddable":true,"href":"https:\/\/sophiebarret.fr\/index.php?rest_route=%2Fwp%2Fv2%2Fcomments&post=579"}],"version-history":[{"count":248,"href":"https:\/\/sophiebarret.fr\/index.php?rest_route=\/wp\/v2\/pages\/579\/revisions"}],"predecessor-version":[{"id":2111,"href":"https:\/\/sophiebarret.fr\/index.php?rest_route=\/wp\/v2\/pages\/579\/revisions\/2111"}],"wp:featuredmedia":[{"embeddable":true,"href":"https:\/\/sophiebarret.fr\/index.php?rest_route=\/wp\/v2\/media\/2042"}],"wp:attachment":[{"href":"https:\/\/sophiebarret.fr\/index.php?rest_route=%2Fwp%2Fv2%2Fmedia&parent=579"}],"curies":[{"name":"wp","href":"https:\/\/api.w.org\/{rel}","templated":true}]}}